{"id":2164,"date":"2022-11-22T16:54:38","date_gmt":"2022-11-22T15:54:38","guid":{"rendered":"https:\/\/www.anthoscasavacanze.com\/privacy-policy\/"},"modified":"2023-01-21T10:38:49","modified_gmt":"2023-01-21T09:38:49","slug":"privacy-policy","status":"publish","type":"page","link":"https:\/\/www.anthoscasavacanze.com\/de\/privacy-policy\/","title":{"rendered":"Privacy Policy"},"content":{"rendered":"\n<p><strong>Informationen gem\u00e4\u00df Art. 13 EU-VO 679\/2016<\/strong><\/p>\n\n\n\n<p>Sehr geehrter Herr \/ Frau,<\/p>\n\n\n\n<p>Wir m\u00f6chten Sie dar\u00fcber informieren, dass die EU-Verordnung 679\/2016 den Schutz von Personen und anderen Subjekten bei der Verarbeitung personenbezogener Daten vorsieht.<\/p>\n\n\n\n<p>Gem\u00e4\u00df dem Gesetz basiert diese Behandlung auf den Grunds\u00e4tzen der Korrektheit, Rechtm\u00e4\u00dfigkeit und Transparenz sowie des Schutzes Ihrer Privatsph\u00e4re und Ihrer Rechte.<\/p>\n\n\n\n<p>Daher stellen wir Ihnen folgende Informationen zur Verf\u00fcgung:<\/p>\n\n\n\n<p><strong>1. Die von Ihnen angegebenen Daten werden zu folgenden Zwecken verarbeitet:<\/strong><\/p>\n\n\n\n<p>Die f\u00fcr den Betrieb dieser Website verwendeten Computersysteme und Softwareverfahren erfassen w\u00e4hrend ihres normalen Betriebs einige personenbezogene Daten, deren \u00dcbertragung mit der Verwendung von Internet-Kommunikationsprotokollen impliziert ist. Dabei handelt es sich um Informationen, die nicht erhoben werden, um identifizierten Interessenten zugeordnet zu werden, die aber aufgrund ihrer Beschaffenheit durch Verarbeitung und Verkn\u00fcpfung mit Daten im Besitz von Dritten eine Identifizierung der Nutzer erm\u00f6glichen k\u00f6nnten. Diese Datenkategorie umfasst die IP-Adressen oder Dom\u00e4nennamen der Computer, die von Benutzern verwendet werden, die sich mit der Website verbinden, die Adressen in URI-Notation (Uniform Resource Identifier) der angeforderten Ressourcen, die Uhrzeit der Anfrage, die Methode, die zum Senden verwendet wurde Anfrage an den Server, die Gr\u00f6\u00dfe der als Antwort erhaltenen Datei, der numerische Code, der den Status der vom Server gegebenen Antwort angibt (erfolgreich, Fehler \u2026) und andere Parameter in Bezug auf das Betriebssystem und die IT-Umgebung des Benutzers. Diese Daten werden ausschlie\u00dflich dazu verwendet, anonyme statistische Informationen \u00fcber die Nutzung der Website zu erhalten und ihre korrekte Funktionsweise zu \u00fcberpr\u00fcfen, und werden unmittelbar nach der Verarbeitung gel\u00f6scht. Die Daten k\u00f6nnten verwendet werden, um die Verantwortlichkeit im Falle hypothetischer Computerkriminalit\u00e4t gegen die Website festzustellen.<\/p>\n\n\n\n<p>Das optionale, ausdr\u00fcckliche und freiwillige Versenden von E-Mails an die auf dieser Website angegebenen Adressen beinhaltet die anschlie\u00dfende Erfassung der Absenderadresse, die zur Beantwortung von Anfragen erforderlich ist, sowie aller anderen in der Nachricht enthaltenen personenbezogenen Daten.<\/p>\n\n\n\n<p><strong>2. Die Behandlung wird auf folgende Weise durchgef\u00fchrt:<\/strong><\/p>\n\n\n\n<p>Personenbezogene Daten werden mit automatisierten IT-Tools f\u00fcr die Zeit verarbeitet, die zur Erreichung des Zwecks, f\u00fcr den sie erhoben wurden, erforderlich ist. Es werden spezielle Sicherheitsma\u00dfnahmen eingehalten, um Datenverlust, illegale oder falsche Verwendung und unbefugten Zugriff zu verhindern.<\/p>\n\n\n\n<p><strong>3. Bereitstellung von Daten<\/strong>:<\/p>\n\n\n\n<p>Abgesehen von den Navigationsdaten steht es dem Benutzer frei, personenbezogene Daten anzugeben, um die vom Unternehmen angebotenen Dienste anzufordern. Wenn Sie sie nicht bereitstellen, kann es unm\u00f6glich sein, die angeforderte Dienstleistung zu erhalten.<\/p>\n\n\n\n<p><strong>4. Die Daten werden nicht an andere Subjekte weitergegeben oder verbreitet.<\/strong><\/p>\n\n\n\n<p>Es werden keine aus dem Webservice stammenden Daten mitgeteilt oder verbreitet. Die personenbezogenen Daten, die von Benutzern bereitgestellt werden, die die Zusendung von Material \u00fcber die angeforderte Dienstleistung (oder auch nur informativen Charakters) anfordern, werden ausschlie\u00dflich zum Zweck der Erbringung der angeforderten Dienstleistung oder Bereitstellung verwendet und nur dann an Dritte weitergegeben, wenn dies erforderlich und involviert ist und funktional f\u00fcr die Ausf\u00fchrung der von uns angeforderten Dienstleistung.<\/p>\n\n\n\n<p id=\"cookie\"><strong>5. Erweiterte Informationen zur Verwendung von Cookies<\/strong>.<\/p>\n\n\n\n<p>Diese Website verwendet Cookies und \u00e4hnliche Technologien, um das korrekte Funktionieren der Verfahren zu gew\u00e4hrleisten und die Erfahrung bei der Nutzung von Online-Anwendungen zu verbessern. Dieses Dokument enth\u00e4lt detaillierte Informationen \u00fcber die Verwendung von Cookies und \u00e4hnlichen Technologien, dar\u00fcber, wie sie von der Website verwendet und wie sie verwaltet werden.<br>Indem Sie best\u00e4tigen, dass Sie diese Informationen gelesen haben oder unsere Website nutzen, stimmen Sie unserer Verwendung von Cookies gem\u00e4\u00df dieser Cookie-Richtlinie zu. Wenn Sie unserer Verwendung von Cookies nicht zustimmen, m\u00fcssen Sie Ihren Browser entsprechend einstellen oder die Website selbst nicht verwenden. Wenn Sie sich entscheiden, die von uns verwendeten Cookies zu deaktivieren, kann dies die Benutzererfahrung auf der Website beeintr\u00e4chtigen.<\/p>\n\n\n\n<p>D<strong>efinitionen<\/strong><br>Cookies sind kurze Textfragmente (Buchstaben und\/oder Zahlen), die es dem Webserver erm\u00f6glichen, Informationen auf dem Client (dem Browser) zu speichern, um sie w\u00e4hrend desselben Besuchs auf der Website (Sitzungscookies) oder sp\u00e4ter, sogar nach Tagen (persistent Kekse). Cookies werden basierend auf Benutzereinstellungen vom einzelnen Browser auf dem spezifisch verwendeten Ger\u00e4t (Computer, Tablet, Smartphone) gespeichert.<br>\u00c4hnliche Technologien wie beispielsweise Web Beacons, transparente GIFs und alle mit HTML5 eingef\u00fchrten Formen der lokalen Speicherung k\u00f6nnen verwendet werden, um Informationen \u00fcber das Benutzerverhalten und die Nutzung der Dienste zu sammeln. Im Folgenden dieses Dokuments beziehen wir uns auf Cookies und alle \u00e4hnlichen Technologien, indem wir einfach den Begriff \u201eCookie\u201c verwenden.<\/p>\n\n\n\n<p><strong>Arten von Cookies<\/strong><br>Basierend auf den Eigenschaften und der Verwendung von Cookies k\u00f6nnen wir verschiedene Kategorien unterscheiden:<br>Unbedingt erforderliche Cookies. Dies sind Cookies, die f\u00fcr das korrekte Funktionieren der Website unerl\u00e4sslich sind. Die Dauer von Cookies ist strikt auf die Arbeitssitzung begrenzt (beim Schlie\u00dfen des Browsers werden sie gel\u00f6scht).<br>Analyse- und Performance-Cookies. Dies sind Cookies, die verwendet werden, um den Datenverkehr und die Nutzung der Website anonym zu sammeln und zu analysieren. Diese Cookies erm\u00f6glichen es, auch ohne den Benutzer zu identifizieren, beispielsweise zu erkennen, ob derselbe Benutzer zu unterschiedlichen Zeiten zur\u00fcckkehrt, um sich zu verbinden. Sie erm\u00f6glichen es Ihnen auch, das System zu \u00fcberwachen und seine Leistung und Benutzerfreundlichkeit zu verbessern. Das Deaktivieren dieser Cookies kann ohne Funktionsverlust erfolgen.<br>Profiling-Cookies. Dies sind permanente Cookies, die verwendet werden, um Benutzerpr\u00e4ferenzen (anonym oder nicht) zu identifizieren und ihr Surferlebnis zu verbessern. Die Website verwendet keine Cookies dieser Art.<\/p>\n\n\n\n<p><strong>Cookies von Drittanbietern<\/strong><br>Durch den Besuch der Website k\u00f6nnen Sie Cookies sowohl von der besuchten Website (\u201eEigent\u00fcmer\u201c) als auch von Websites erhalten, die von anderen Organisationen (\u201eDrittanbieter\u201c) verwaltet werden. Ein bemerkenswertes Beispiel ist das Vorhandensein von \u201eSocial Plugins\u201c f\u00fcr Facebook, Twitter, Google+ und LinkedIn. Dies sind Teile der besuchten Seite, die direkt von den oben genannten Sites generiert und in die Seite der Host-Site integriert werden. Die h\u00e4ufigste Verwendung von Social Plugins zielt darauf ab, Inhalte in sozialen Netzwerken zu teilen.<br>Das Vorhandensein dieser Plugins beinhaltet die \u00dcbertragung von Cookies zu und von allen Websites, die von Dritten verwaltet werden. Die Verwaltung von Informationen, die von &#8222;Dritten&#8220; gesammelt werden, wird durch die entsprechenden Informationen geregelt, auf die verwiesen wird. Um mehr Transparenz und Komfort zu gew\u00e4hrleisten, werden die Webadressen der verschiedenen Informationen und Methoden zur Verwaltung von Cookies unten angezeigt.<\/p>\n\n\n\n<p><strong>Alle Plugins und damit verbundener Datenschutz:<\/strong><br>Informationen Facebook:&nbsp;https:\/\/www.facebook.com\/help\/cookies\/<br>Informationen Twitter:&nbsp;https:\/\/support.twitter.com\/articles\/20170514<br>Informatives Linkedin:&nbsp;https:\/\/www.linkedin.com\/legal\/cookie-policy<br>Informationen zu Google+, Google Maps, Youtube usw.:&nbsp;http:\/\/www.google.it\/intl\/it\/policies\/technologies\/cookies\/<br>Tripadvisor-Informationen:&nbsp;http:\/\/www.tripadvisor.it\/pages\/privacy.html<br>Euribor-Informationen:&nbsp;http:\/\/www.euribor.it\/legge-cookies\/<br>Informationen von Immobiliare.it:&nbsp;http:\/\/www.immobiliare.it\/uso_dei_cookie.php<br>Informationen von Ilmeteo.it:&nbsp;http:\/\/www.ilmeteo.it\/portale\/privacy<br>Paypal-Informationen:&nbsp;https:\/\/www.paypal.com\/it\/webapps\/mpp\/ua\/privacy-full<\/p>\n\n\n\n<p><strong>Google Analytics<\/strong><br>Die Website kann auch bestimmte Komponenten enthalten, die von Google Analytics, einem von Google, Inc. (\u201eGoogle\u201c) bereitgestellten Analysedienst f\u00fcr den Webverkehr, \u00fcbermittelt werden. Auch in diesem Fall handelt es sich um Cookies von Drittanbietern, die anonym gesammelt und verwaltet werden, um die Leistung der Host-Site zu \u00fcberwachen und zu verbessern (Performance-Cookie).<br>Google Analytics verwendet \u201eCookies\u201c, um anonyme Informationen \u00fcber das Nutzungsverhalten der Website (einschlie\u00dflich der IP-Adresse des Benutzers) zu sammeln und zu analysieren. Diese Informationen werden von Google Analytics gesammelt und verarbeitet, um Reports \u00fcber die Aktivit\u00e4ten auf der Website selbst f\u00fcr die Website-Betreiber zusammenzustellen. Diese Website verwendet das Google-Analysetool nicht (und erlaubt Dritten nicht, es zu verwenden), um pers\u00f6nliche Identifikationsinformationen zu \u00fcberwachen oder zu sammeln. Google verkn\u00fcpft die IP-Adresse nicht mit anderen Daten von Google und versucht auch nicht, eine IP-Adresse mit der Identit\u00e4t eines Nutzers in Verbindung zu bringen. Auch wird Google diese Informationen gegebenenfalls an Dritte \u00fcbertragen, sofern dies gesetzlich vorgeschrieben oder soweit Dritte diese Daten im Auftrag von Google verarbeiten.<br>Weitere Informationen finden Sie unter dem unten stehenden Link<\/p>\n\n\n\n<p><strong>Dauer von Cookies<\/strong><br>Einige Cookies (Sitzungscookies) bleiben nur aktiv, bis der Browser geschlossen oder der Abmeldebefehl ausgef\u00fchrt wird. Andere Cookies &#8222;\u00fcberleben&#8220;, wenn der Browser geschlossen wird, und sind auch bei sp\u00e4teren Besuchen des Benutzers verf\u00fcgbar. Diese Cookies werden dauerhaft genannt und ihre Dauer wird vom Server zum Zeitpunkt ihrer Erstellung festgelegt. In einigen F\u00e4llen ist eine Frist festgelegt, in anderen F\u00e4llen ist die Dauer unbegrenzt.<br>Die Website verwendet keine dauerhaften Cookies, au\u00dfer m\u00f6glicherweise dem technischen, um die Vision dieser Cookie-Richtlinie f\u00fcr eine maximale Dauer von 6 Monaten zu best\u00e4tigen.<br>Durch das Durchsuchen der Seiten der Website ist es jedoch m\u00f6glich, mit Websites zu interagieren, die von Dritten verwaltet werden, die dauerhafte Cookies und Profiling-Cookies erstellen oder \u00e4ndern k\u00f6nnen.<\/p>\n\n\n\n<p><strong>Wie kann ich die Installation von Cookies kontrollieren?<\/strong><br>Zus\u00e4tzlich zu den Angaben in diesem Dokument kann der Benutzer Einstellungen in Bezug auf Cookies direkt in seinem Browser verwalten und beispielsweise verhindern, dass Dritte sie installieren. \u00dcber die Browsereinstellungen ist es auch m\u00f6glich, die in der Vergangenheit installierten Cookies zu l\u00f6schen, einschlie\u00dflich des Cookies, in dem m\u00f6glicherweise die Zustimmung zur Installation von Cookies durch diese Website gespeichert ist. Es ist wichtig zu beachten, dass durch das Deaktivieren aller Cookies die Funktion dieser Website beeintr\u00e4chtigt werden k\u00f6nnte. Der Benutzer kann Informationen zur Verwaltung von Cookies in seinem Browser finden.<br>Es ist auch m\u00f6glich, die Website in englischer Sprache&nbsp;http:\/\/www.allaboutcookies.org\/&nbsp;zu besuchen, um Informationen dar\u00fcber zu erhalten, wie Cookies je nach verwendetem Browsertyp verwaltet\/gel\u00f6scht werden.<br>Im Falle von Diensten Dritter kann der Nutzer sein Recht auf Widerspruch gegen das Tracking auch aus\u00fcben, indem er sich \u00fcber die Datenschutzerkl\u00e4rung des Drittanbieters erkundigt, \u00fcber den Opt-out-Link, falls ausdr\u00fccklich bereitgestellt, oder indem er sich direkt an diesen wendet.<\/p>\n\n\n\n<p><strong>Notiz<\/strong><br>Da die Installation von Cookies und anderen Tracking-Systemen, die von Dritten \u00fcber die auf dieser Website verwendeten Dienste betrieben werden, technisch nicht vom Eigent\u00fcmer kontrolliert werden kann, ist jeder spezifische Verweis auf Cookies und Tracking-Systeme, die von Dritten installiert wurden, als Hinweis zu betrachten. Um vollst\u00e4ndige Informationen zu erhalten, konsultieren Sie die Datenschutzrichtlinie aller in diesem Dokument aufgef\u00fchrten Dienste von Drittanbietern.<\/p>\n\n\n\n<p>Angesichts der objektiven Komplexit\u00e4t, die mit der Identifizierung von Technologien auf der Grundlage von Cookies und ihrer sehr engen Integration in die Funktionsweise des Webs verbunden ist, wird der Benutzer gebeten, sich an den Eigent\u00fcmer zu wenden, wenn er weitere Informationen zur Verwendung der Cookies selbst und erhalten m\u00f6chte jedwede Verwendung derselben &#8211; beispielsweise durch Dritte &#8211; \u00fcber diese Website.<\/p>\n\n\n\n<p>6.&nbsp;Die Daten werden so lange verarbeitet, wie es f\u00fcr die Erbringung der angeforderten Dienstleistung unbedingt erforderlich ist. W\u00e4hrend die Daten in Bezug auf die Cookie-Richtlinien f\u00fcr die Zeit, die f\u00fcr die verst\u00e4ndliche Nutzung des Webportals unbedingt erforderlich ist.<\/p>\n\n\n\n<p>7. <strong>Der Datenverantwortliche ist:&nbsp;Anthos di Marzia Antelli<\/strong>, Via Case Alte 22, 64022 Sant&#8217;Omero (TE)<\/p>\n\n\n\n<p>8. <strong>Sie k\u00f6nnen Ihre Rechte gegen\u00fcber dem f\u00fcr die Datenverarbeitung Verantwortlichen jederzeit gem\u00e4\u00df den Artikeln 15,16,17,18,19,20,21 der EU-Verordnung aus\u00fcben. 679\/2016<\/strong>, indem Sie eine Anfrage an <strong>Anthos di Marzia Antelli<\/strong> unter der E-Mail-Adresse anthoscasavacanze@libero.it weiterleiten. Dar\u00fcber hinaus k\u00f6nnen Sie bei der Aufsichtsbeh\u00f6rde Beschwerde gem\u00e4\u00df Abs. 2 let. d) Kunst. 13 EU-VO 679\/2016<\/p>\n\n\n\n<h2 class=\"wp-block-heading\" id=\"azienda\">Unternehmensdaten<\/h2>\n\n\n\n<p><strong>Anthos di Marzia Antelli<\/strong><br>Via Case Alte 22<br>64022 Sant\u2019Omero (TE)<br>P.IVA 01848500672<br>PEC:&nbsp;<a href=\"mailto:anthos@mypec.eu\">anthos@mypec.eu<\/a><\/p>\n","protected":false},"excerpt":{"rendered":"<p>Informationen gem\u00e4\u00df Art. 13 EU-VO 679\/2016 Sehr geehrter Herr \/ Frau, Wir m\u00f6chten Sie dar\u00fcber informieren, dass die EU-Verordnung 679\/2016&#8230;<\/p>\n","protected":false},"author":1,"featured_media":0,"parent":0,"menu_order":0,"comment_status":"closed","ping_status":"open","template":"","meta":{"footnotes":""},"class_list":["post-2164","page","type-page","status-publish"],"_links":{"self":[{"href":"https:\/\/www.anthoscasavacanze.com\/de\/wp-json\/wp\/v2\/pages\/2164","targetHints":{"allow":["GET"]}}],"collection":[{"href":"https:\/\/www.anthoscasavacanze.com\/de\/wp-json\/wp\/v2\/pages"}],"about":[{"href":"https:\/\/www.anthoscasavacanze.com\/de\/wp-json\/wp\/v2\/types\/page"}],"author":[{"embeddable":true,"href":"https:\/\/www.anthoscasavacanze.com\/de\/wp-json\/wp\/v2\/users\/1"}],"replies":[{"embeddable":true,"href":"https:\/\/www.anthoscasavacanze.com\/de\/wp-json\/wp\/v2\/comments?post=2164"}],"version-history":[{"count":2,"href":"https:\/\/www.anthoscasavacanze.com\/de\/wp-json\/wp\/v2\/pages\/2164\/revisions"}],"predecessor-version":[{"id":6353,"href":"https:\/\/www.anthoscasavacanze.com\/de\/wp-json\/wp\/v2\/pages\/2164\/revisions\/6353"}],"wp:attachment":[{"href":"https:\/\/www.anthoscasavacanze.com\/de\/wp-json\/wp\/v2\/media?parent=2164"}],"curies":[{"name":"wp","href":"https:\/\/api.w.org\/{rel}","templated":true}]}}